{"id":936,"date":"2023-12-05T19:08:15","date_gmt":"2023-12-05T19:08:15","guid":{"rendered":"https:\/\/prtslov.travelblox.eu\/?page_id=936"},"modified":"2026-01-07T17:11:21","modified_gmt":"2026-01-07T17:11:21","slug":"over-ons","status":"publish","type":"page","link":"https:\/\/prt.travelblox.eu\/fr\/over-ons\/","title":{"rendered":"\u00c0 propos de nous"},"content":{"rendered":"<div class=\"tb-header tb-block align-center background-dark pattern-none variant-none\" id=\"header\" data-fallback-background=\"https:\/\/prt.travelblox.eu\/wp-content\/uploads\/sites\/60\/2023\/10\/Copy-of-Siliquini-ThePackraftTrail-Slovenie-Travelbase-230823-5827.jpg\" style=\"background-image: url('https:\/\/prt.travelblox.eu\/wp-content\/uploads\/sites\/60\/2023\/10\/Copy-of-Siliquini-ThePackraftTrail-Slovenie-Travelbase-230823-5827.jpg'); background-position:;\">\n    <div class=\"tb-header-foreground\">\n        <div class=\"inner-block\">\n\n            <div class=\"main-part\">\n                <div class=\"text-part\">\n                                                                                            <h1>\t<span class=\"tb-logo\"  style=\"-webkit-mask-image: url(https:\/\/prt.travelblox.eu\/wp-content\/uploads\/sites\/60\/2025\/10\/main-white.png); mask-image: url(https:\/\/prt.travelblox.eu\/wp-content\/uploads\/sites\/60\/2025\/10\/main-white.png)\">\n\t\t<img src='https:\/\/prt.travelblox.eu\/wp-content\/uploads\/sites\/60\/2025\/11\/normal-white-fr-1.png' width='699' height='755' alt='Le logo du Packraft Trail' title='Le Packraft Trail' loading='lazy'>\n\t<\/span>\n<\/h1>\n                                                                                        <h2 class=\"tb-subtitle\">\t\t<div class=\"translation-block\"><p><strong>D\u00e9couvrez notre \u00e9quipe et notre histoire<\/strong><\/p><\/div>\n\t<\/h2>\n                                                                                                                                            <\/div>\n            <\/div>\n            \t\t<a href=\"#\" class=\"scroll-down-button\">\n\t\t\t<i class=\"fa fa-arrow-down\"><\/i>\n\t\t<\/a>\n\t\n                    <\/div>\n    <\/div>\n\n    \n    \n<\/div>\n\n\n<div class=\"tb-textimage2 tb-block align-left background-light pattern-none variant-text_first tb-collapsible-margins\" id=\"textimage2\">\n\t<div class=\"inner-block tb-fade-in\">\n\n\t\t\n\t\t<div class=\"tb-columns\">\n\t\t\t<div class=\"tb-column\">\n\t\t\t\t<div class=\"tb-text-part\">\n\t\t\t\t\t<h2>Une aventure packraft pour tout le monde<\/h2>\n\t\t\t\t\t\t\t<div class=\"translation-block\"><p>Le Packraft Trail a vu le jour pendant la pand\u00e9mie de COVID. Les fronti\u00e8res ont \u00e9t\u00e9 ferm\u00e9es, le rythme de vie a ralenti et le besoin de simplicit\u00e9, de nature et de libert\u00e9 est devenu plus fort que jamais. Ce qui a commenc\u00e9 comme une alternative par n\u00e9cessit\u00e9 s'est transform\u00e9 en un nouveau mode de voyage tr\u00e8s pris\u00e9 : l\u00e9ger, flexible et proche de chez soi.&nbsp;<\/p><p>Avec tout ce dont vous avez besoin dans un seul sac \u00e0 dos, vous vous d\u00e9placez \u00e0 pied et vous vous mettez \u00e0 l'eau d\u00e8s que le sentier s'arr\u00eate. Pas d'itin\u00e9raires fixes ni de foule, mais la libert\u00e9 de d\u00e9couvrir la nature \u00e0 votre rythme. Le Packraft Trail vous invite \u00e0 ralentir et \u00e0 voyager en pleine conscience. Avec un minimum de moyens, vous cr\u00e9ez une exp\u00e9rience maximale.<\/p><p>Avec notre \u00e9quipe et nos partenaires locaux, nous continuons \u00e0 affiner nos itin\u00e9raires et nos destinations, et nous sommes constamment \u00e0 la recherche de nouvelles r\u00e9gions pour cr\u00e9er des aventures uniques en packraft.&nbsp;<\/p><\/div>\n\t\t\t\t\t\t\t\t\t\t\t<div class=\"tb-buttons-part\">\n\t\t\t\t\t\t\t\t<a href=\"https:\/\/thepackrafttrail.com\/fr\/\"  target=\"\" class=\"tb-button\">\n\t\t\tD\u00e9couvrez toutes nos destinations\t\t<\/a>\n\t\t\t\t\t\t\t\t\t\t<a href=\"#\u00e9quipe\"  target=\"\" class=\"tb-buttonlink\">\n\t\t\tL'\u00e9quipe Packraft\t\t<\/a>\n\t\t\t\t\t\t\t<\/div>\n\t\t\t\t<\/div>\n\t\t\t<\/div>\n\t\t\t<div class=\"tb-column\">\n\t\t\t\t\t\t\t\t\t\t\t\t\t\t\t<div class=\"tb-image-part\">\n\t\t\t\t\t\t\t<img src='https:\/\/prt.travelblox.eu\/wp-content\/uploads\/sites\/60\/2023\/12\/349A0369-768x512.jpg' width='768' height='512' loading='lazy' image_size='medium_large'>\t\t\t\t\t\t<\/div>\n\t\t\t\t\t\t\t\t\t\t\t\t<\/div>\n\t\t<\/div>\n\t<\/div>\n<\/div>\n\n\n\n\n<div class=\"tb-team tb-block align-center background-dark pattern-custom variant-none tb-collapsible-margins\" id=\"team\" style=\"background-image: url(http:\/\/prtslov.travelblox.eu\/wp-content\/uploads\/sites\/60\/2023\/11\/grunge-prt-background-e1701093203474.jpg)\">\n\t<div class=\"inner-block tb-fade-in tb-fade-in--subtle\">\n\t\t<div class=\"text-part\">\n\t\t\t<h2>Les visages derri\u00e8re le projet<\/h2>\n\t\t\t\t\t<div class=\"translation-block\"><p>Notre \u00e9quipe est compos\u00e9e de 4 fans d'outdoor, passionn\u00e9s par les sports de pagaie et les voyages en pleine nature. Ensemble, nous travaillons toute l'ann\u00e9e sur le Packraft Trail pour vous offrir l'exp\u00e9rience de voyage la plus unique, qui, nous l'esp\u00e9rons, restera un <strong>souvenir inoubliable<\/strong>.<\/p><\/div>\n\t\t\t<\/div>\n\t<\/div>\n\t\t\t\t\t<div class=\"inner-block-full-width has-tb-carousel\" >\n\t\t\t<div class=\"tb-carousel-container\">\n\t\t\t\t<div class=\"entries tb-cards\" data-slider-first=\"1\">\n\t\t\t\t\t\t\t\t\t<div class=\"tb-card entry\" style=\"background-image: url('https:\/\/prt.travelblox.eu\/wp-content\/uploads\/sites\/60\/2023\/12\/349A0086-scaled-e1767706558789-1024x943.jpg')\">\n\t\t\t\t<label for=\"tb-team-read-more-block_s60__p936__team-0\" class=\"tb-team__card-label\">\n\t\t\t\t\t<div class=\"overlay\"><\/div>\n\t\t\t\t\t<div class=\"overlay overlay--extra\"><\/div>\n\t\t\t\t\t<div class=\"content\">\n\t\t\t\t\t\t<div class=\"tb-team__card-titles\">\n\t\t\t\t\t\t\t<h3>Julian<\/h3>\n\t\t\t\t\t\t\t\t\t\t\t\t\t\t\t<p>Je recrute et forme les guides du packraft trail<\/p>\n\t\t\t\t\t\t\t\t\t\t\t\t\t<\/div>\n\t\t\t\t\t\t\t\t\t\t\t\t\t<div class=\"extra-content\">\n\t\t\t\t\t\t\t\t<p>En tant que globe-trotteur inflexible et voyageur aventurier, je suis toujours \u00e0 la recherche de nouveaux d\u00e9fis pour vivre des exp\u00e9riences \u00e0 travers le monde. Me plonger dans des cultures \u00e9trang\u00e8res et explorer de magnifiques paysages sont au c\u0153ur de mes aventures de voyage.<\/p>\n\t\t\t\t\t\t\t<\/div>\n\t\t\t\t\t\t\t\t\t\t\t<\/div>\n\t\t\t\t\t<input type=\"checkbox\" class=\"tb-team__card-checkbox\" id=\"tb-team-read-more-block_s60__p936__team-0\">\n\t\t\t\t<\/label>\n\t\t\t<\/div>\n\t\t\t\t\t<div class=\"tb-card entry\" style=\"background-image: url('https:\/\/prt.travelblox.eu\/wp-content\/uploads\/sites\/60\/2026\/01\/HannaV-scaled-e1767706528174-984x1024.jpeg')\">\n\t\t\t\t<label for=\"tb-team-read-more-block_s60__p936__team-1\" class=\"tb-team__card-label\">\n\t\t\t\t\t<div class=\"overlay\"><\/div>\n\t\t\t\t\t<div class=\"overlay overlay--extra\"><\/div>\n\t\t\t\t\t<div class=\"content\">\n\t\t\t\t\t\t<div class=\"tb-team__card-titles\">\n\t\t\t\t\t\t\t<h3>Hanna<\/h3>\n\t\t\t\t\t\t\t\t\t\t\t\t\t\t\t<p>Je suis l\u00e0 pour r\u00e9pondre \u00e0 toutes vos questions<\/p>\n\t\t\t\t\t\t\t\t\t\t\t\t\t<\/div>\n\t\t\t\t\t\t\t\t\t\t\t\t\t<div class=\"extra-content\">\n\t\t\t\t\t\t\t\t<p>En hiver, je serai probablement en train de faire du snowboard, et en \u00e9t\u00e9, je prendrai ma planche de surf pour une dose de mer. Si je ne suis pas sur une planche, tu peux peut-\u00eatre me trouver en train de faire du kickboxing ou \u00e0 la piscine.<\/p>\n\t\t\t\t\t\t\t<\/div>\n\t\t\t\t\t\t\t\t\t\t\t<\/div>\n\t\t\t\t\t<input type=\"checkbox\" class=\"tb-team__card-checkbox\" id=\"tb-team-read-more-block_s60__p936__team-1\">\n\t\t\t\t<\/label>\n\t\t\t<\/div>\n\t\t\t\t\t<div class=\"tb-card entry\" style=\"background-image: url('https:\/\/prt.travelblox.eu\/wp-content\/uploads\/sites\/60\/2025\/09\/IMG_3197-e1767706721342.jpg')\">\n\t\t\t\t<label for=\"tb-team-read-more-block_s60__p936__team-2\" class=\"tb-team__card-label\">\n\t\t\t\t\t<div class=\"overlay\"><\/div>\n\t\t\t\t\t<div class=\"overlay overlay--extra\"><\/div>\n\t\t\t\t\t<div class=\"content\">\n\t\t\t\t\t\t<div class=\"tb-team__card-titles\">\n\t\t\t\t\t\t\t<h3>Tom<\/h3>\n\t\t\t\t\t\t\t\t\t\t\t\t\t\t\t<p>Je photographie et filme nos aventures en Packraft !<\/p>\n\t\t\t\t\t\t\t\t\t\t\t\t\t<\/div>\n\t\t\t\t\t\t\t\t\t\t\t\t\t<div class=\"extra-content\">\n\t\t\t\t\t\t\t\t<p>Explorer, c'est bien plus qu'une passion. Rien ne me procure plus de satisfaction que de voyager et de d\u00e9couvrir la nature. Respirer l'air frais, se d\u00e9connecter du monde num\u00e9rique, c'est ainsi que je recharge mes batteries !<\/p>\n\t\t\t\t\t\t\t<\/div>\n\t\t\t\t\t\t\t\t\t\t\t<\/div>\n\t\t\t\t\t<input type=\"checkbox\" class=\"tb-team__card-checkbox\" id=\"tb-team-read-more-block_s60__p936__team-2\">\n\t\t\t\t<\/label>\n\t\t\t<\/div>\n\t\t\t\t\t<div class=\"tb-card entry\" style=\"background-image: url('https:\/\/prt.travelblox.eu\/wp-content\/uploads\/sites\/60\/2026\/01\/kerstin-1-1-e1767794938939.jpg')\">\n\t\t\t\t<label for=\"tb-team-read-more-block_s60__p936__team-3\" class=\"tb-team__card-label\">\n\t\t\t\t\t<div class=\"overlay\"><\/div>\n\t\t\t\t\t<div class=\"overlay overlay--extra\"><\/div>\n\t\t\t\t\t<div class=\"content\">\n\t\t\t\t\t\t<div class=\"tb-team__card-titles\">\n\t\t\t\t\t\t\t<h3>Kerstin<\/h3>\n\t\t\t\t\t\t\t\t\t\t\t\t\t\t\t<p>s'assure que tout se passe bien<\/p>\n\t\t\t\t\t\t\t\t\t\t\t\t\t<\/div>\n\t\t\t\t\t\t\t\t\t\t\t\t\t<div class=\"extra-content\">\n\t\t\t\t\t\t\t\t<p>Dans la nature, je me sens chez moi. Tu peux me croiser sur l'eau ou dans les montagnes. En \u00e9t\u00e9, je suis dans un kayak, sur une planche de surf ou en randonn\u00e9e dans les montagnes. En hiver, je d\u00e9vale les pistes sur ma planche de snow.<\/p>\n\t\t\t\t\t\t\t<\/div>\n\t\t\t\t\t\t\t\t\t\t\t<\/div>\n\t\t\t\t\t<input type=\"checkbox\" class=\"tb-team__card-checkbox\" id=\"tb-team-read-more-block_s60__p936__team-3\">\n\t\t\t\t<\/label>\n\t\t\t<\/div>\n\t\t\t\t\t\t\t\t<\/div>\n\t\t\t\t\t\t<div class=\"tb-carousel-nav\">\n\t\t\t<div class=\"dots\">\n\t\t\t\t<div class=\"dot active\"><\/div>\n\t\t\t\t<div class=\"dot\"><\/div>\n\t\t\t\t<div class=\"dot\"><\/div>\n\t\t\t<\/div>\n\t\t\t<div class=\"arrows\">\n\t\t\t\t<div class=\"prev disabled\">\n\t\t\t\t\t<span><i class=\"fa fa-chevron-left\"><\/i><\/span>\n\t\t\t\t<\/div>\n\t\t\t\t<div class=\"next\">\n\t\t\t\t\t<span><i class=\"fa fa-chevron-right\"><\/i><\/span>\n\t\t\t\t<\/div>\n\t\t\t<\/div>\n\t\t<\/div>\n\t\t\t\t<\/div>\n\t\t<\/div>\n\t\t\t\t\t<div class=\"tb-team__extra inner-block tb-fade-in tb-fade-in--subtle\">\n\t\t\t<div class=\"text-part\">\n\t\t\t\t<h3> <\/h3>\n\t\t\t\t\t\t<div class=\"translation-block\"><\/div>\n\t\t\t\t\t<div class=\"tb-buttons-part\">\n\t\t\t\t\t\t\t<a href=\"https:\/\/prt.travelblox.eu\/fr\/contact\/\"  target=\"\" class=\"tb-button\">\n\t\t\tContactez-nous\t\t<\/a>\n\t\t\t\t\t\t<\/div>\n\t\t\t<\/div>\n\t\t<\/div>\n\t<\/div>\n\n\n<div class=\"tb-colcompare tb-block align-center background-light pattern-none variant-cards tb-collapsible-margins\" id=\"colcompare\">\n\t<div class=\"inner-block tb-fade-in tb-fade-in--subtle\">\n\t\t<div class=\"text-part\">\n\t\t\t<h2>Pourquoi choisir le Packraft Trail?<\/h2>\n\t\t\t\t\t<div class=\"translation-block\"><\/div>\n\t\t\t<\/div>\n\t<\/div>\n\t\t\t\t\t<div class=\"inner-block-full-width has-tb-carousel tb-justified\" >\n\t\t\t<div class=\"tb-carousel-container\">\n\t\t\t\t<div class=\"entries tb-cards\" data-slider-first=\"1\">\n\t\t\t\t\t\t\t\t\t<div class=\"tb-card entry tb-fade-in tb-fade-in--subtle\">\n\t\t\t\t<div class=\"tb-image-part\">\n\t\t\t\t\t<img src='https:\/\/prt.travelblox.eu\/wp-content\/uploads\/sites\/60\/2023\/10\/Copy-of-Siliquini-ThePackraftTrail-Slovenie-Travelbase-230824-6072-768x512.jpg' width='768' height='512' loading='lazy' image_size='medium_large'>\t\t\t\t<\/div>\n\t\t\t\t<div class=\"tb-card-content text-part\">\n\t\t\t\t\t<h5> Pour tout le monde<\/h5>\n\t\t\t\t\t\t\t<div class=\"translation-block\"><p>Pas besoin d'exp\u00e9rience. Gr\u00e2ce \u00e0 des itin\u00e9raires clairs, du mat\u00e9riel de qualit\u00e9 et le soutien n\u00e9cessaire sur place, tout le monde peut relever ce d\u00e9fi \u00e0 son propre rythme.<\/p><\/div>\n\t\t\t\t\t\t<div class=\"tb-buttons-part\">\n\t\t\t\t\t\t\t\t\t\t\t<\/div>\n\t\t\t\t<\/div>\n\t\t\t<\/div>\n\t\t\t\t\t<div class=\"tb-card entry tb-fade-in tb-fade-in--subtle\">\n\t\t\t\t<div class=\"tb-image-part\">\n\t\t\t\t\t<img src='https:\/\/prt.travelblox.eu\/wp-content\/uploads\/sites\/60\/2024\/11\/PRT24-BALKAN_AxelCoquemon_Web-446-768x1152.jpg' width='768' height='1152' alt='Gr\u00e8ce Randonn\u00e9e' loading='lazy' image_size='medium_large'>\t\t\t\t<\/div>\n\t\t\t\t<div class=\"tb-card-content text-part\">\n\t\t\t\t\t<h5> Libert\u00e9 avec l'esprit tranquille<\/h5>\n\t\t\t\t\t\t\t<div class=\"translation-block\"><p>Vous voyagez en solo ou avec des guides exp\u00e9riment\u00e9s et vous d\u00e9cidez de votre propre rythme, tout en ayant l'assurance que tout est bien organis\u00e9 en coulisses. Ainsi, vous profitez de la libert\u00e9 sans soucis.<\/p><\/div>\n\t\t\t\t\t\t<div class=\"tb-buttons-part\">\n\t\t\t\t\t\t\t\t\t\t\t<\/div>\n\t\t\t\t<\/div>\n\t\t\t<\/div>\n\t\t\t\t\t<div class=\"tb-card entry tb-fade-in tb-fade-in--subtle\">\n\t\t\t\t<div class=\"tb-image-part\">\n\t\t\t\t\t<img src='https:\/\/prt.travelblox.eu\/wp-content\/uploads\/sites\/60\/2025\/01\/Copy-of-Copy-of-Siliquini-ThePackraftTrail-Slovenie-Travelbase-230821-4229-1-e1767709365424-768x874.jpg' width='768' height='874' alt='raften slovenie' loading='lazy' image_size='medium_large'>\t\t\t\t<\/div>\n\t\t\t\t<div class=\"tb-card-content text-part\">\n\t\t\t\t\t<h5> sur l'eau et \u00e0 pied<\/h5>\n\t\t\t\t\t\t\t<div class=\"translation-block\"><p>La combinaison de la randonn\u00e9e et du packrafting vous emm\u00e8ne dans des endroits o\u00f9 vous n'iriez jamais autrement. Tranquille, isol\u00e9 et loin de la foule.<\/p><\/div>\n\t\t\t\t\t\t<div class=\"tb-buttons-part\">\n\t\t\t\t\t\t\t\t\t\t\t<\/div>\n\t\t\t\t<\/div>\n\t\t\t<\/div>\n\t\t\t\t\t<div class=\"tb-card entry tb-fade-in tb-fade-in--subtle\">\n\t\t\t\t<div class=\"tb-image-part\">\n\t\t\t\t\t<img src='https:\/\/prt.travelblox.eu\/wp-content\/uploads\/sites\/60\/2024\/11\/PRT24-BALKAN_AxelCoquemon_Web-170-768x512.jpg' width='768' height='512' alt='Balkan Randonn\u00e9e' loading='lazy' image_size='medium_large'>\t\t\t\t<\/div>\n\t\t\t\t<div class=\"tb-card-content text-part\">\n\t\t\t\t\t<h5> Ancrage local et v\u00e9ritable exp\u00e9rience<\/h5>\n\t\t\t\t\t\t\t<div class=\"translation-block\"><p>Chaque voyage est d\u00e9velopp\u00e9 en collaboration avec des partenaires locaux. Cela garantit une exp\u00e9rience authentique, le respect de l'environnement et un <a href=\"#impact\">impact positif<\/a> sur place.<\/p><\/div>\n\t\t\t\t\t\t<div class=\"tb-buttons-part\">\n\t\t\t\t\t\t\t\t\t\t\t<\/div>\n\t\t\t\t<\/div>\n\t\t\t<\/div>\n\t\t\t\t\t\t\t\t<\/div>\n\t\t\t\t\t\t<div class=\"tb-carousel-nav\">\n\t\t\t<div class=\"dots\">\n\t\t\t\t<div class=\"dot active\"><\/div>\n\t\t\t\t<div class=\"dot\"><\/div>\n\t\t\t\t<div class=\"dot\"><\/div>\n\t\t\t<\/div>\n\t\t\t<div class=\"arrows\">\n\t\t\t\t<div class=\"prev disabled\">\n\t\t\t\t\t<span><i class=\"fa fa-chevron-left\"><\/i><\/span>\n\t\t\t\t<\/div>\n\t\t\t\t<div class=\"next\">\n\t\t\t\t\t<span><i class=\"fa fa-chevron-right\"><\/i><\/span>\n\t\t\t\t<\/div>\n\t\t\t<\/div>\n\t\t<\/div>\n\t\t\t\t<\/div>\n\t\t<\/div>\n\t\t\t<\/div>\n\n\n\n\n\n<div class=\"tb-textimage1 tb-block align-center background-light pattern-none variant-none tb-collapsible-margins\" id=\"textimage1\">\n\t<div class=\"inner-block tb-fade-in tb-fade-in--subtle\">\n\n\t\t\n\t\t<div class=\"text-part\">\n\t\t\t<h2>Le Packraft Trail, un concept de Travelbase<\/h2>\n\t\t\t\t\t<div class=\"translation-block\"><p>Nous ne sommes pas un projet ind\u00e9pendant, mais faisons partie de <a href=\"https:\/\/travelbase.eu\/\">Travelbase<\/a>, une agence de voyage exp\u00e9riment\u00e9e qui envoie chaque ann\u00e9e plus de 50 000 personnes \u00e0 l'aventure \u00e0 travers le monde. Avec plus de 10 ans d'exp\u00e9rience dans les voyages d'aventure et actifs, Travelbase garantit une organisation solide, une collaboration locale et des exp\u00e9riences authentiques.<\/p><\/div>\n\t\t\t<\/div>\n\t<\/div>\n\t<div class=\"inner-block\">\n\t\t\t\t\t\t\t\t\t<div class=\"tb-video-part\">\n\t\t\t\t\t<iframe src=\"https:\/\/iframe.mediadelivery.net\/embed\/295792\/7a5e5c1c-dce1-4bfc-8068-8b33f27934e6?autoplay=true&#038;preload=true&#038;loop=true&#038;responsive=true&#038;muted=true\" allow=\"accelerometer;gyroscope;encrypted-media;picture-in-picture;autoplay;muted;\" allowfullscreen=\"true\" style=\"border: none;\" loading=\"lazy\"><\/iframe>\t\t\t\t<\/div>\n\t\t\t\t\t\t<\/div>\n\t<div class=\"inner-block tb-fade-in tb-fade-in--subtle\">\n\t\t<div class=\"text-part\">\n\t\t\t\t\t<div class=\"translation-block\"><\/div>\n\t\t\t\t<div class=\"tb-buttons-part\">\n\t\t\t\t\t\t\t\t\t\t\t<\/div>\n\t\t<\/div>\n\t<\/div>\n<\/div>\n\n\n<div class=\"tb-gallery tb-block align-center background-light pattern-none variant-grid\" id=\"gallery\">\n\t<div>\n\t\t<div class=\"desktop tb-has-popup-content\">\n\t\t\t\t\t\t\t<ul class=\"tb-gallery-grid\">\n\t\t\t\t\t\t\t\t\t\t\t\t\t\t\t\t\t\t<li class=\"slide\">\n\t\t\t\t\t\t\t\t<div class=\"tb-popup-trigger\">\n\t\t\t\t\t\t\t\t\t<img src='https:\/\/prt.travelblox.eu\/wp-content\/uploads\/sites\/60\/2023\/10\/Copy-of-Siliquini-ThePackraftTrail-Slovenie-Travelbase-230822-4430-e1756819079152.jpg' width='1365' height='1457' loading='lazy'>\t\t\t\t\t\t\t\t<\/div>\n\t\t\t\t\t\t\t<\/li>\n\t\t\t\t\t\t\t\t\t\t\t\t\t<li class=\"slide\">\n\t\t\t\t\t\t\t\t<div class=\"tb-popup-trigger\">\n\t\t\t\t\t\t\t\t\t<img src='https:\/\/prt.travelblox.eu\/wp-content\/uploads\/sites\/60\/2024\/12\/DSC00795-Grande-1024x682-1.jpeg' width='1024' height='682' style='object-position:50% 50%' loading='lazy'>\t\t\t\t\t\t\t\t<\/div>\n\t\t\t\t\t\t\t<\/li>\n\t\t\t\t\t\t\t\t\t\t\t\t\t<li class=\"slide\">\n\t\t\t\t\t\t\t\t<div class=\"tb-popup-trigger\">\n\t\t\t\t\t\t\t\t\t<img src='https:\/\/prt.travelblox.eu\/wp-content\/uploads\/sites\/60\/2023\/10\/Copy-of-Siliquini-ThePackraftTrail-Slovenie-Travelbase-230822-5232-e1697206532958.jpg' width='1365' height='1150' loading='lazy'>\t\t\t\t\t\t\t\t<\/div>\n\t\t\t\t\t\t\t<\/li>\n\t\t\t\t\t\t\t\t\t\t\t\t\t\t\t<\/ul>\n\t\t\t\t\t\t<div class=\"tb-popup tb-popup--open-clicked-image\">\n\t\t\t\t<div class=\"tb-gallery-popup\">\n\t\t\t\t\t<div class=\"tb-image-part\">\n\t\t\t\t\t\t\t\t\t\t<div class=\"inner-block-full-width has-tb-carousel tb-carousel-slider\" >\n\t\t\t<div class=\"tb-carousel-container\">\n\t\t\t\t<div class=\"entries tb-cards\" data-slider-first=\"2\">\n\t\t\t\t\t\t\t\t\t<div class=\"entry\">\n\t\t\t\t<div class=\"tb-image-part\">\n\t\t\t\t\t<figure>\n\t\t\t\t\t\t<img src='https:\/\/prt.travelblox.eu\/wp-content\/uploads\/sites\/60\/2023\/10\/Copy-of-Siliquini-ThePackraftTrail-Slovenie-Travelbase-230822-4430-e1756819079152.jpg' width='1365' height='1457' loading='lazy' image_size='full'>\t\t\t\t\t\t\t\t\t\t\t<\/figure>\n\t\t\t\t<\/div>\n\t\t\t<\/div>\n\t\t\t\t\t<div class=\"entry\">\n\t\t\t\t<div class=\"tb-image-part\">\n\t\t\t\t\t<figure>\n\t\t\t\t\t\t<img src='https:\/\/prt.travelblox.eu\/wp-content\/uploads\/sites\/60\/2024\/12\/DSC00795-Grande-1024x682-1.jpeg' width='1024' height='682' style='object-position:50% 50%' loading='lazy' image_size='full'>\t\t\t\t\t\t\t\t\t\t\t<\/figure>\n\t\t\t\t<\/div>\n\t\t\t<\/div>\n\t\t\t\t\t<div class=\"entry\">\n\t\t\t\t<div class=\"tb-image-part\">\n\t\t\t\t\t<figure>\n\t\t\t\t\t\t<img src='https:\/\/prt.travelblox.eu\/wp-content\/uploads\/sites\/60\/2023\/10\/Copy-of-Siliquini-ThePackraftTrail-Slovenie-Travelbase-230822-5232-e1697206532958.jpg' width='1365' height='1150' loading='lazy' image_size='full'>\t\t\t\t\t\t\t\t\t\t\t<\/figure>\n\t\t\t\t<\/div>\n\t\t\t<\/div>\n\t\t\t\t\t\t\t\t<\/div>\n\t\t\t\t\t\t<div class=\"tb-carousel-nav\">\n\t\t\t<div class=\"dots\">\n\t\t\t\t<div class=\"dot active\"><\/div>\n\t\t\t\t<div class=\"dot\"><\/div>\n\t\t\t\t<div class=\"dot\"><\/div>\n\t\t\t<\/div>\n\t\t\t<div class=\"arrows\">\n\t\t\t\t<div class=\"prev disabled\">\n\t\t\t\t\t<span><i class=\"fa fa-chevron-left\"><\/i><\/span>\n\t\t\t\t<\/div>\n\t\t\t\t<div class=\"next\">\n\t\t\t\t\t<span><i class=\"fa fa-chevron-right\"><\/i><\/span>\n\t\t\t\t<\/div>\n\t\t\t<\/div>\n\t\t<\/div>\n\t\t\t\t<\/div>\n\t\t<\/div>\n\t\t\t\t\t\t\t<\/div>\n\t\t\t\t<\/div>\n\t\t\t<\/div>\n\t\t<\/div>\n\t\t<div class=\"mobile\">\n\t\t\t<div class=\"tb-image-part\">\n\t\t\t\t\t\t\t\t<div class=\"inner-block-full-width has-tb-carousel tb-carousel-slider\" >\n\t\t\t<div class=\"tb-carousel-container\">\n\t\t\t\t<div class=\"entries tb-cards\" data-slider-first=\"0\">\n\t\t\t\t\t\t\t\t\t<div class=\"entry\">\n\t\t\t\t<div class=\"tb-image-part\">\n\t\t\t\t\t<figure>\n\t\t\t\t\t\t<img src='https:\/\/prt.travelblox.eu\/wp-content\/uploads\/sites\/60\/2023\/10\/Copy-of-Siliquini-ThePackraftTrail-Slovenie-Travelbase-230822-4430-e1756819079152-768x820.jpg' width='768' height='820' loading='lazy' image_size='medium_large'>\t\t\t\t\t\t\t\t\t\t\t<\/figure>\n\t\t\t\t<\/div>\n\t\t\t<\/div>\n\t\t\t\t\t<div class=\"entry\">\n\t\t\t\t<div class=\"tb-image-part\">\n\t\t\t\t\t<figure>\n\t\t\t\t\t\t<img src='https:\/\/prt.travelblox.eu\/wp-content\/uploads\/sites\/60\/2024\/12\/DSC00795-Grande-1024x682-1-768x512.jpeg' width='768' height='512' style='object-position:50% 50%' loading='lazy' image_size='medium_large'>\t\t\t\t\t\t\t\t\t\t\t<\/figure>\n\t\t\t\t<\/div>\n\t\t\t<\/div>\n\t\t\t\t\t<div class=\"entry\">\n\t\t\t\t<div class=\"tb-image-part\">\n\t\t\t\t\t<figure>\n\t\t\t\t\t\t<img src='https:\/\/prt.travelblox.eu\/wp-content\/uploads\/sites\/60\/2023\/10\/Copy-of-Siliquini-ThePackraftTrail-Slovenie-Travelbase-230822-5232-e1697206532958-768x647.jpg' width='768' height='647' loading='lazy' image_size='medium_large'>\t\t\t\t\t\t\t\t\t\t\t<\/figure>\n\t\t\t\t<\/div>\n\t\t\t<\/div>\n\t\t\t\t\t\t\t\t<\/div>\n\t\t\t\t\t\t<div class=\"tb-carousel-nav\">\n\t\t\t<div class=\"dots\">\n\t\t\t\t<div class=\"dot active\"><\/div>\n\t\t\t\t<div class=\"dot\"><\/div>\n\t\t\t\t<div class=\"dot\"><\/div>\n\t\t\t<\/div>\n\t\t\t<div class=\"arrows\">\n\t\t\t\t<div class=\"prev disabled\">\n\t\t\t\t\t<span><i class=\"fa fa-chevron-left\"><\/i><\/span>\n\t\t\t\t<\/div>\n\t\t\t\t<div class=\"next\">\n\t\t\t\t\t<span><i class=\"fa fa-chevron-right\"><\/i><\/span>\n\t\t\t\t<\/div>\n\t\t\t<\/div>\n\t\t<\/div>\n\t\t\t\t<\/div>\n\t\t<\/div>\n\t\t\t\t\t<\/div>\n\t\t<\/div>\n\t<\/div>\n<\/div>\n\n\n\n<div class=\"tb-textimage2 tb-block align-left background-light pattern-none variant-text_first tb-collapsible-margins\" id=\"impact\">\n\t<div class=\"inner-block tb-fade-in\">\n\n\t\t\n\t\t<div class=\"tb-columns\">\n\t\t\t<div class=\"tb-column\">\n\t\t\t\t<div class=\"tb-text-part\">\n\t\t\t\t\t<h2>Voyager avec un impact positif<\/h2>\n\t\t\t\t\t\t\t<div class=\"translation-block\"><p>Pour le Packraft Trail, voyager doit avoir un impact positif.<\/p><p>Gr\u00e2ce \u00e0 notre propre <a href=\"https:\/\/butterfly-foundation.org\/nl\/\">Butterfly Foundation<\/a>, nous soutenons des dizaines de projets sociaux et \u00e9cologiques \u00e0 travers le monde.<\/p><p>Chaque ann\u00e9e, nous organisons nous-m\u00eames des nettoyages de rivi\u00e8res, mais nous collaborons \u00e9galement avec diff\u00e9rentes organisations locales dans toutes nos destinations qui s'efforcent de faire la diff\u00e9rence dans leur r\u00e9gion.<\/p><p>En r\u00e9servant un voyage avec nous, tu soutiens des projets qui font vraiment la diff\u00e9rence.<\/p><\/div>\n\t\t\t\t\t\t\t\t\t\t\t<div class=\"tb-buttons-part\">\n\t\t\t\t\t\t\t\t<a href=\"https:\/\/butterfly-foundation.org\/\"  target=\"_blank\" class=\"tb-button\">\n\t\t\tD\u00e9couvrez la Butterfly Foundation\t\t<\/a>\n\t\t\t\t\t\t\t\t\t\t<a href=\"https:\/\/thepackrafttrail.com\/impact\/\"  target=\"\" class=\"tb-buttonlink\">\n\t\t\tEn savoir plus sur notre impact\t\t<\/a>\n\t\t\t\t\t\t\t<\/div>\n\t\t\t\t<\/div>\n\t\t\t<\/div>\n\t\t\t<div class=\"tb-column\">\n\t\t\t\t\t\t\t\t\t\t\t\t\t\t\t<div class=\"tb-video-part\">\n\t\t\t\t\t\t\t<iframe src=\"https:\/\/iframe.mediadelivery.net\/embed\/295792\/01f5f1ec-432e-4cc6-8f6f-cccac8211c22?autoplay=true&#038;preload=true&#038;loop=true&#038;responsive=true&#038;muted=true\" allow=\"accelerometer;gyroscope;encrypted-media;picture-in-picture;autoplay;muted;\" allowfullscreen=\"true\" style=\"border: none;\" loading=\"lazy\"><\/iframe>\t\t\t\t\t\t<\/div>\n\t\t\t\t\t\t\t\t\t\t\t\t<\/div>\n\t\t<\/div>\n\t<\/div>\n<\/div>","protected":false},"excerpt":{"rendered":"","protected":false},"author":48,"featured_media":229,"parent":0,"menu_order":0,"comment_status":"closed","ping_status":"closed","template":"","meta":{"_acf_changed":false,"inline_featured_image":false,"footnotes":""},"class_list":["post-936","page","type-page","status-publish","has-post-thumbnail","hentry"],"acf":{"page_package_ids":"","is_main_package_page":false,"additional_linked_packages":[],"feed_page_to_atlas":true},"_links":{"self":[{"href":"https:\/\/prt.travelblox.eu\/fr\/wp-json\/wp\/v2\/pages\/936","targetHints":{"allow":["GET"]}}],"collection":[{"href":"https:\/\/prt.travelblox.eu\/fr\/wp-json\/wp\/v2\/pages"}],"about":[{"href":"https:\/\/prt.travelblox.eu\/fr\/wp-json\/wp\/v2\/types\/page"}],"author":[{"embeddable":true,"href":"https:\/\/prt.travelblox.eu\/fr\/wp-json\/wp\/v2\/users\/48"}],"replies":[{"embeddable":true,"href":"https:\/\/prt.travelblox.eu\/fr\/wp-json\/wp\/v2\/comments?post=936"}],"version-history":[{"count":50,"href":"https:\/\/prt.travelblox.eu\/fr\/wp-json\/wp\/v2\/pages\/936\/revisions"}],"predecessor-version":[{"id":5036,"href":"https:\/\/prt.travelblox.eu\/fr\/wp-json\/wp\/v2\/pages\/936\/revisions\/5036"}],"wp:featuredmedia":[{"embeddable":true,"href":"https:\/\/prt.travelblox.eu\/fr\/wp-json\/wp\/v2\/media\/229"}],"wp:attachment":[{"href":"https:\/\/prt.travelblox.eu\/fr\/wp-json\/wp\/v2\/media?parent=936"}],"curies":[{"name":"wp","href":"https:\/\/api.w.org\/{rel}","templated":true}]}}